{"id":800,"date":"2026-02-25T12:03:18","date_gmt":"2026-02-25T10:03:18","guid":{"rendered":"https:\/\/damadeelaia.com\/?post_type=product&#038;p=800"},"modified":"2026-02-25T16:01:36","modified_gmt":"2026-02-25T14:01:36","slug":"aove-dama-de-elaia-seleccion-lata-3-litros","status":"publish","type":"product","link":"https:\/\/damadeelaia.com\/?product=aove-dama-de-elaia-seleccion-lata-3-litros","title":{"rendered":"AOVE Dama de Elaia Seleccion Lata 3 litros"},"content":{"rendered":"<p data-start=\"396\" data-end=\"655\">Aceite de intensidad media con car\u00e1cter estructurado. Presenta un frutado equilibrado con ligera predominancia madura, acompa\u00f1ado de una marcada expresi\u00f3n vegetal. Destacan notas de tomate, tomatera y alcachofa, junto a matices de pl\u00e1tano y almendra fresca.<\/p>\n<p data-start=\"657\" data-end=\"837\">En boca ofrece entrada ligeramente dulce, amargor medio y un picante firme y persistente que aporta personalidad y profundidad. Perfil arm\u00f3nico con buena estructura y persistencia.<\/p>\n<p>Este aceite es heredero de todas las culturas que han habitado este territorio, ib\u00e9ricos, griegos, fenicios y romanos ya conoc\u00edan y apreciaban su excelente calidad.<\/p>\n<p>&nbsp;<\/p>\n","protected":false},"excerpt":{"rendered":"<p>Aceite de oliva \u00a0de categor\u00eda superior \u00a0obtenido directamente de aceitunas y solo mediante procedimientos \u00a0mec\u00e1nicos.<\/p>\n<p>Superior Category olive oil obtained directly from olives and only by mechanical means.<\/p>\n<p>EXTRACCION EN FR\u00cdO\/ COLD EXTRACTION<br \/>\nconservar en un lugar fresco y seco protegido de la luz solar.<br \/>\nKeep preserved of light in a cool, dry place.<\/p>\n","protected":false},"featured_media":793,"template":"","meta":[],"product_brand":[],"product_cat":[28],"product_tag":[],"class_list":{"0":"post-800","1":"product","2":"type-product","3":"status-publish","4":"has-post-thumbnail","6":"product_cat-sin-categorizar","8":"first","9":"instock","10":"taxable","11":"shipping-taxable","12":"purchasable","13":"product-type-simple"},"jetpack_sharing_enabled":true,"_links":{"self":[{"href":"https:\/\/damadeelaia.com\/index.php?rest_route=\/wp\/v2\/product\/800","targetHints":{"allow":["GET"]}}],"collection":[{"href":"https:\/\/damadeelaia.com\/index.php?rest_route=\/wp\/v2\/product"}],"about":[{"href":"https:\/\/damadeelaia.com\/index.php?rest_route=\/wp\/v2\/types\/product"}],"wp:featuredmedia":[{"embeddable":true,"href":"https:\/\/damadeelaia.com\/index.php?rest_route=\/wp\/v2\/media\/793"}],"wp:attachment":[{"href":"https:\/\/damadeelaia.com\/index.php?rest_route=%2Fwp%2Fv2%2Fmedia&parent=800"}],"wp:term":[{"taxonomy":"product_brand","embeddable":true,"href":"https:\/\/damadeelaia.com\/index.php?rest_route=%2Fwp%2Fv2%2Fproduct_brand&post=800"},{"taxonomy":"product_cat","embeddable":true,"href":"https:\/\/damadeelaia.com\/index.php?rest_route=%2Fwp%2Fv2%2Fproduct_cat&post=800"},{"taxonomy":"product_tag","embeddable":true,"href":"https:\/\/damadeelaia.com\/index.php?rest_route=%2Fwp%2Fv2%2Fproduct_tag&post=800"}],"curies":[{"name":"wp","href":"https:\/\/api.w.org\/{rel}","templated":true}]}}